{"id":15947,"date":"2023-12-10T06:03:53","date_gmt":"2023-12-10T05:03:53","guid":{"rendered":"https:\/\/luxuryskinacademy.com\/?page_id=15947"},"modified":"2023-12-10T06:04:09","modified_gmt":"2023-12-10T05:04:09","slug":"skincare","status":"publish","type":"page","link":"https:\/\/luxuryskinacademy.com\/fa\/skincare\/","title":{"rendered":"Skin Care"},"content":{"rendered":"<div data-elementor-type=\"wp-post\" data-elementor-id=\"15947\" class=\"elementor elementor-15947\" data-elementor-post-type=\"page\">\n\t\t\t\t<div class=\"elementor-element elementor-element-7b8c2a7 e-con-full e-flex e-con e-parent\" data-id=\"7b8c2a7\" data-element_type=\"container\" data-e-type=\"container\" data-settings=\"{&quot;background_background&quot;:&quot;video&quot;,&quot;background_video_link&quot;:&quot;https:\\\/\\\/luxuryskinacademy.com\\\/wp-content\\\/uploads\\\/2023\\\/12\\\/skincare.mp4&quot;,&quot;background_video_start&quot;:0,&quot;background_play_on_mobile&quot;:&quot;yes&quot;}\">\n\t\t<div class=\"elementor-background-video-container\">\n\t\t\t\t\t\t\t<video class=\"elementor-background-video-hosted\" role=\"presentation\" autoplay muted playsinline loop><\/video>\n\t\t\t\t\t<\/div>\t\t<\/div>\n\t\t<div class=\"elementor-element elementor-element-4ea947d e-flex e-con-boxed e-con e-parent\" data-id=\"4ea947d\" data-element_type=\"container\" data-e-type=\"container\">\n\t\t\t\t\t<div class=\"e-con-inner\">\n\t\t\t\t<div class=\"elementor-element elementor-element-6e970c6 elementor-widget elementor-widget-spacer\" data-id=\"6e970c6\" data-element_type=\"widget\" data-e-type=\"widget\" data-widget_type=\"spacer.default\">\n\t\t\t\t<div class=\"elementor-widget-container\">\n\t\t\t\t\t\t\t<div class=\"elementor-spacer\">\n\t\t\t<div class=\"elementor-spacer-inner\"><\/div>\n\t\t<\/div>\n\t\t\t\t\t\t<\/div>\n\t\t\t\t<\/div>\n\t\t\t\t\t<\/div>\n\t\t\t\t<\/div>\n\t\t\t\t<section class=\"elementor-section elementor-top-section elementor-element elementor-element-7b93e447 elementor-section-stretched elementor-section-boxed elementor-section-height-default elementor-section-height-default\" data-id=\"7b93e447\" data-element_type=\"section\" data-e-type=\"section\" data-settings=\"{&quot;stretch_section&quot;:&quot;section-stretched&quot;}\">\n\t\t\t\t\t\t<div class=\"elementor-container elementor-column-gap-no\">\n\t\t\t\t\t<div class=\"elementor-column elementor-col-100 elementor-top-column elementor-element elementor-element-4c147956\" data-id=\"4c147956\" data-element_type=\"column\" data-e-type=\"column\">\n\t\t\t<div class=\"elementor-widget-wrap elementor-element-populated\">\n\t\t\t\t\t\t<div class=\"elementor-element elementor-element-6e78526e thim-ekits-heading-text-center elementor-widget thim-ekits-heading elementor-widget-thim-heading\" data-id=\"6e78526e\" data-element_type=\"widget\" data-e-type=\"widget\" data-widget_type=\"thim-heading.default\">\n\t\t\t\t<div class=\"elementor-widget-container\">\n\t\t\t\t\t<div class=\"sc_heading text-center\"><h2 class=\"title\">Onze diensten bij  <span class=\"thim-color\">Luxury Skin Care<\/span><\/h2><div class=\"sub-heading\"><p>Een compleet salon met alles wat je nodig hebt en meer.<br \/>\nAl onze diensten zijn geschikt voor dames en heren!<\/p>\n<\/div><\/div>\t\t\t\t<\/div>\n\t\t\t\t<\/div>\n\t\t\t\t<section class=\"elementor-section elementor-inner-section elementor-element elementor-element-76cca374 elementor-section-boxed elementor-section-height-default elementor-section-height-default\" data-id=\"76cca374\" data-element_type=\"section\" data-e-type=\"section\">\n\t\t\t\t\t\t<div class=\"elementor-container elementor-column-gap-wider\">\n\t\t\t\t\t<div class=\"elementor-column elementor-col-33 elementor-inner-column elementor-element elementor-element-7897c953\" data-id=\"7897c953\" data-element_type=\"column\" data-e-type=\"column\">\n\t\t\t<div class=\"elementor-widget-wrap elementor-element-populated\">\n\t\t\t\t\t\t<div class=\"elementor-element elementor-element-6593b6fc iconbox-text-left elementor-widget elementor-widget-thim-icon-box\" data-id=\"6593b6fc\" data-element_type=\"widget\" data-e-type=\"widget\" data-widget_type=\"thim-icon-box.default\">\n\t\t\t\t<div class=\"elementor-widget-container\">\n\t\t\t\t\t<div class=\"thim-widget-icon-box\"><div class=\"wrapper-box-icon has_custom_image text-left\"><div class=\"smicon-box iconbox-top\"><div class=\"boxes-icon\"><a class=\"icon-box-link\" href=\"#\"><span class=\"inner-icon\"><span class=\"icon icon-images\"><img decoding=\"async\" data-src=\"https:\/\/luxuryskinacademy.com\/wp-content\/themes\/eduma\/images\/demo_images\/demo_image.jpg\" alt=\"\"  src=\"data:image\/svg+xml;base64,PHN2ZyB3aWR0aD0iMSIgaGVpZ2h0PSIxIiB4bWxucz0iaHR0cDovL3d3dy53My5vcmcvMjAwMC9zdmciPjwvc3ZnPg==\" class=\"lazyload\" style=\"--smush-placeholder-width: 270px; --smush-placeholder-aspect-ratio: 270\/203;\"><\/span><\/span><\/a><\/div><div class=\"content-inner\"><div class=\"sc-heading\"><h3 class=\"heading__primary\"><a class=\"icon-box-link\" href=\"#\">Schoonheidspecialist<\/a><\/h3><\/div><div class=\"desc-icon-box\"><div class=\"desc-content\"><a class=\"icon-box-link\" href=\"#\">Huid verbetering voor jongeren, Huidverzorging voor iedereen en Huid verjonging voor iedereen die jonger wilt lijken. Microneedling voor huidverbetering en versteviging.<\/a><\/div><\/div><\/div><\/div><\/div><\/div>\t\t\t\t<\/div>\n\t\t\t\t<\/div>\n\t\t\t\t\t<\/div>\n\t\t<\/div>\n\t\t\t\t<div class=\"elementor-column elementor-col-33 elementor-inner-column elementor-element elementor-element-52a6460e\" data-id=\"52a6460e\" data-element_type=\"column\" data-e-type=\"column\">\n\t\t\t<div class=\"elementor-widget-wrap elementor-element-populated\">\n\t\t\t\t\t\t<div class=\"elementor-element elementor-element-16f0de49 iconbox-text-left elementor-widget elementor-widget-thim-icon-box\" data-id=\"16f0de49\" data-element_type=\"widget\" data-e-type=\"widget\" data-widget_type=\"thim-icon-box.default\">\n\t\t\t\t<div class=\"elementor-widget-container\">\n\t\t\t\t\t<div class=\"thim-widget-icon-box\"><div class=\"wrapper-box-icon has_custom_image text-left\"><div class=\"smicon-box iconbox-top\"><div class=\"boxes-icon\"><a class=\"icon-box-link\" href=\"#\"><span class=\"inner-icon\"><span class=\"icon icon-images\"><img decoding=\"async\" data-src=\"https:\/\/luxuryskinacademy.com\/wp-content\/themes\/eduma\/images\/demo_images\/demo_image.jpg\" alt=\"\"  src=\"data:image\/svg+xml;base64,PHN2ZyB3aWR0aD0iMSIgaGVpZ2h0PSIxIiB4bWxucz0iaHR0cDovL3d3dy53My5vcmcvMjAwMC9zdmciPjwvc3ZnPg==\" class=\"lazyload\" style=\"--smush-placeholder-width: 270px; --smush-placeholder-aspect-ratio: 270\/203;\"><\/span><\/span><\/a><\/div><div class=\"content-inner\"><div class=\"sc-heading\"><h3 class=\"heading__primary\"><a class=\"icon-box-link\" href=\"#\">Acne behandeling<\/a><\/h3><\/div><div class=\"desc-icon-box\"><div class=\"desc-content\"><a class=\"icon-box-link\" href=\"#\">Verzekering vergoeding\nTackle acne effectief met onze gespecialiseerde behandelingen. Gericht op kalmering van je huid, herstel van helderheid en preventie van toekomstige uitbraken.<\/a><\/div><\/div><\/div><\/div><\/div><\/div>\t\t\t\t<\/div>\n\t\t\t\t<\/div>\n\t\t\t\t\t<\/div>\n\t\t<\/div>\n\t\t\t\t<div class=\"elementor-column elementor-col-33 elementor-inner-column elementor-element elementor-element-5fc29ae8\" data-id=\"5fc29ae8\" data-element_type=\"column\" data-e-type=\"column\">\n\t\t\t<div class=\"elementor-widget-wrap elementor-element-populated\">\n\t\t\t\t\t\t<div class=\"elementor-element elementor-element-7ad880a0 iconbox-text-left elementor-widget elementor-widget-thim-icon-box\" data-id=\"7ad880a0\" data-element_type=\"widget\" data-e-type=\"widget\" data-widget_type=\"thim-icon-box.default\">\n\t\t\t\t<div class=\"elementor-widget-container\">\n\t\t\t\t\t<div class=\"thim-widget-icon-box\"><div class=\"wrapper-box-icon has_custom_image text-left\"><div class=\"smicon-box iconbox-top\"><div class=\"boxes-icon\"><a class=\"icon-box-link\" href=\"#\"><span class=\"inner-icon\"><span class=\"icon icon-images\"><img decoding=\"async\" data-src=\"https:\/\/luxuryskinacademy.com\/wp-content\/themes\/eduma\/images\/demo_images\/demo_image.jpg\" alt=\"\"  src=\"data:image\/svg+xml;base64,PHN2ZyB3aWR0aD0iMSIgaGVpZ2h0PSIxIiB4bWxucz0iaHR0cDovL3d3dy53My5vcmcvMjAwMC9zdmciPjwvc3ZnPg==\" class=\"lazyload\" style=\"--smush-placeholder-width: 270px; --smush-placeholder-aspect-ratio: 270\/203;\"><\/span><\/span><\/a><\/div><div class=\"content-inner\"><div class=\"sc-heading\"><h3 class=\"heading__primary\"><a class=\"icon-box-link\" href=\"#\">Chemische peeling<\/a><\/h3><\/div><div class=\"desc-icon-box\"><div class=\"desc-content\"><a class=\"icon-box-link\" href=\"#\">Verjong je huid met onze chemische peelings. Deze behandelingen verbeteren de huidtextuur, verhelderen je teint en pakken problemen zoals fijne lijntjes, hyperpigmentatie en acne littekens aan.<\/a><\/div><\/div><\/div><\/div><\/div><\/div>\t\t\t\t<\/div>\n\t\t\t\t<\/div>\n\t\t\t\t\t<\/div>\n\t\t<\/div>\n\t\t\t\t\t<\/div>\n\t\t<\/section>\n\t\t\t\t<section class=\"elementor-section elementor-inner-section elementor-element elementor-element-3b14030a elementor-section-boxed elementor-section-height-default elementor-section-height-default\" data-id=\"3b14030a\" data-element_type=\"section\" data-e-type=\"section\">\n\t\t\t\t\t\t<div class=\"elementor-container elementor-column-gap-wider\">\n\t\t\t\t\t<div class=\"elementor-column elementor-col-33 elementor-inner-column elementor-element elementor-element-455a14cf\" data-id=\"455a14cf\" data-element_type=\"column\" data-e-type=\"column\">\n\t\t\t<div class=\"elementor-widget-wrap elementor-element-populated\">\n\t\t\t\t\t\t<div class=\"elementor-element elementor-element-3f37f140 iconbox-text-left elementor-widget elementor-widget-thim-icon-box\" data-id=\"3f37f140\" data-element_type=\"widget\" data-e-type=\"widget\" data-widget_type=\"thim-icon-box.default\">\n\t\t\t\t<div class=\"elementor-widget-container\">\n\t\t\t\t\t<div class=\"thim-widget-icon-box\"><div class=\"wrapper-box-icon has_custom_image text-left\"><div class=\"smicon-box iconbox-top\"><div class=\"boxes-icon\"><a class=\"icon-box-link\" href=\"#\"><span class=\"inner-icon\"><span class=\"icon icon-images\"><img decoding=\"async\" data-src=\"https:\/\/luxuryskinacademy.com\/wp-content\/themes\/eduma\/images\/demo_images\/demo_image.jpg\" alt=\"\"  src=\"data:image\/svg+xml;base64,PHN2ZyB3aWR0aD0iMSIgaGVpZ2h0PSIxIiB4bWxucz0iaHR0cDovL3d3dy53My5vcmcvMjAwMC9zdmciPjwvc3ZnPg==\" class=\"lazyload\" style=\"--smush-placeholder-width: 270px; --smush-placeholder-aspect-ratio: 270\/203;\"><\/span><\/span><\/a><\/div><div class=\"content-inner\"><div class=\"sc-heading\"><h3 class=\"heading__primary\"><a class=\"icon-box-link\" href=\"#\">Infrarood therapie<\/a><\/h3><\/div><div class=\"desc-icon-box\"><div class=\"desc-content\"><a class=\"icon-box-link\" href=\"#\">Infrarood heeft allerlei voordelen voor u welzijn en gezondheid. Het kan helpen met afvallen, detox, beter slapen pijnverzachting en het is heerlijk voor in de winter want het verwarmt je lichaam van binnen.<\/a><\/div><\/div><\/div><\/div><\/div><\/div>\t\t\t\t<\/div>\n\t\t\t\t<\/div>\n\t\t\t\t\t<\/div>\n\t\t<\/div>\n\t\t\t\t<div class=\"elementor-column elementor-col-33 elementor-inner-column elementor-element elementor-element-7c4f91b5\" data-id=\"7c4f91b5\" data-element_type=\"column\" data-e-type=\"column\">\n\t\t\t<div class=\"elementor-widget-wrap elementor-element-populated\">\n\t\t\t\t\t\t<div class=\"elementor-element elementor-element-30e0a308 iconbox-text-left elementor-widget elementor-widget-thim-icon-box\" data-id=\"30e0a308\" data-element_type=\"widget\" data-e-type=\"widget\" data-widget_type=\"thim-icon-box.default\">\n\t\t\t\t<div class=\"elementor-widget-container\">\n\t\t\t\t\t<div class=\"thim-widget-icon-box\"><div class=\"wrapper-box-icon has_custom_image text-left\"><div class=\"smicon-box iconbox-top\"><div class=\"boxes-icon\"><a class=\"icon-box-link\" href=\"#\"><span class=\"inner-icon\"><span class=\"icon icon-images\"><img decoding=\"async\" data-src=\"https:\/\/luxuryskinacademy.com\/wp-content\/themes\/eduma\/images\/demo_images\/demo_image.jpg\" alt=\"\"  src=\"data:image\/svg+xml;base64,PHN2ZyB3aWR0aD0iMSIgaGVpZ2h0PSIxIiB4bWxucz0iaHR0cDovL3d3dy53My5vcmcvMjAwMC9zdmciPjwvc3ZnPg==\" class=\"lazyload\" style=\"--smush-placeholder-width: 270px; --smush-placeholder-aspect-ratio: 270\/203;\"><\/span><\/span><\/a><\/div><div class=\"content-inner\"><div class=\"sc-heading\"><h3 class=\"heading__primary\"><a class=\"icon-box-link\" href=\"#\">Lazer ontharen<\/a><\/h3><\/div><div class=\"desc-icon-box\"><div class=\"desc-content\"><a class=\"icon-box-link\" href=\"#\">Opzoek naar een effectief manier op definitief van je ongewenste haar afzijn? Lazerontharen is de oplossing. In 6-10 behandelingen compleet haarvrij zijn voorgoed!<\/a><\/div><\/div><\/div><\/div><\/div><\/div>\t\t\t\t<\/div>\n\t\t\t\t<\/div>\n\t\t\t\t\t<\/div>\n\t\t<\/div>\n\t\t\t\t<div class=\"elementor-column elementor-col-33 elementor-inner-column elementor-element elementor-element-6bc19267\" data-id=\"6bc19267\" data-element_type=\"column\" data-e-type=\"column\">\n\t\t\t<div class=\"elementor-widget-wrap elementor-element-populated\">\n\t\t\t\t\t\t<div class=\"elementor-element elementor-element-4f75c20 iconbox-text-left elementor-widget elementor-widget-thim-icon-box\" data-id=\"4f75c20\" data-element_type=\"widget\" data-e-type=\"widget\" data-widget_type=\"thim-icon-box.default\">\n\t\t\t\t<div class=\"elementor-widget-container\">\n\t\t\t\t\t<div class=\"thim-widget-icon-box\"><div class=\"wrapper-box-icon has_custom_image text-left\"><div class=\"smicon-box iconbox-top\"><div class=\"boxes-icon\"><a class=\"icon-box-link\" href=\"#\"><span class=\"inner-icon\"><span class=\"icon icon-images\"><img decoding=\"async\" data-src=\"https:\/\/luxuryskinacademy.com\/wp-content\/themes\/eduma\/images\/demo_images\/demo_image.jpg\" alt=\"\"  src=\"data:image\/svg+xml;base64,PHN2ZyB3aWR0aD0iMSIgaGVpZ2h0PSIxIiB4bWxucz0iaHR0cDovL3d3dy53My5vcmcvMjAwMC9zdmciPjwvc3ZnPg==\" class=\"lazyload\" style=\"--smush-placeholder-width: 270px; --smush-placeholder-aspect-ratio: 270\/203;\"><\/span><\/span><\/a><\/div><div class=\"content-inner\"><div class=\"sc-heading\"><h3 class=\"heading__primary\"><a class=\"icon-box-link\" href=\"#\">Versteviging<\/a><\/h3><\/div><div class=\"desc-icon-box\"><div class=\"desc-content\"><a class=\"icon-box-link\" href=\"#\">Verstevigende producten met direct push-up effect. Verbetert de elasticiteit van de huid.\n\nVerstevigende cr\u00e8me ge\u00efndiceerd voor gebieden met verslapping en verlies van stevigheid. Met verstevigende en herstructurerende actieve ingredi\u00ebnten voor een stevigere en strakkere huid. <\/a><\/div><\/div><\/div><\/div><\/div><\/div>\t\t\t\t<\/div>\n\t\t\t\t<\/div>\n\t\t\t\t\t<\/div>\n\t\t<\/div>\n\t\t\t\t\t<\/div>\n\t\t<\/section>\n\t\t\t\t<section class=\"elementor-section elementor-inner-section elementor-element elementor-element-f98d6ad elementor-section-boxed elementor-section-height-default elementor-section-height-default\" data-id=\"f98d6ad\" data-element_type=\"section\" data-e-type=\"section\">\n\t\t\t\t\t\t<div class=\"elementor-container elementor-column-gap-wider\">\n\t\t\t\t\t<div class=\"elementor-column elementor-col-33 elementor-inner-column elementor-element elementor-element-2f1cb88\" data-id=\"2f1cb88\" data-element_type=\"column\" data-e-type=\"column\">\n\t\t\t<div class=\"elementor-widget-wrap elementor-element-populated\">\n\t\t\t\t\t\t<div class=\"elementor-element elementor-element-cec2883 iconbox-text-left elementor-widget elementor-widget-thim-icon-box\" data-id=\"cec2883\" data-element_type=\"widget\" data-e-type=\"widget\" data-widget_type=\"thim-icon-box.default\">\n\t\t\t\t<div class=\"elementor-widget-container\">\n\t\t\t\t\t<div class=\"thim-widget-icon-box\"><div class=\"wrapper-box-icon has_custom_image text-left\"><div class=\"smicon-box iconbox-top\"><div class=\"boxes-icon\"><a class=\"icon-box-link\" href=\"#\"><span class=\"inner-icon\"><span class=\"icon icon-images\"><img decoding=\"async\" data-src=\"https:\/\/luxuryskinacademy.com\/wp-content\/themes\/eduma\/images\/demo_images\/demo_image.jpg\" alt=\"\"  src=\"data:image\/svg+xml;base64,PHN2ZyB3aWR0aD0iMSIgaGVpZ2h0PSIxIiB4bWxucz0iaHR0cDovL3d3dy53My5vcmcvMjAwMC9zdmciPjwvc3ZnPg==\" class=\"lazyload\" style=\"--smush-placeholder-width: 270px; --smush-placeholder-aspect-ratio: 270\/203;\"><\/span><\/span><\/a><\/div><div class=\"content-inner\"><div class=\"sc-heading\"><h3 class=\"heading__primary\"><a class=\"icon-box-link\" href=\"#\">Cellulitis & strechmarks<\/a><\/h3><\/div><div class=\"desc-icon-box\"><div class=\"desc-content\"><a class=\"icon-box-link\" href=\"#\">M. Bodyshock heeft specifieke oplossingen met actieve ingredi\u00ebnten voor de behandeling van striae en hardnekkige cellulitis. Bodyshock bestrijdt plaatselijke cellulitis en concentreert zich op de taille, buik, dijen en heupen.<\/a><\/div><\/div><\/div><\/div><\/div><\/div>\t\t\t\t<\/div>\n\t\t\t\t<\/div>\n\t\t\t\t\t<\/div>\n\t\t<\/div>\n\t\t\t\t<div class=\"elementor-column elementor-col-33 elementor-inner-column elementor-element elementor-element-069929c\" data-id=\"069929c\" data-element_type=\"column\" data-e-type=\"column\">\n\t\t\t<div class=\"elementor-widget-wrap elementor-element-populated\">\n\t\t\t\t\t\t<div class=\"elementor-element elementor-element-b6350cf iconbox-text-left elementor-widget elementor-widget-thim-icon-box\" data-id=\"b6350cf\" data-element_type=\"widget\" data-e-type=\"widget\" data-widget_type=\"thim-icon-box.default\">\n\t\t\t\t<div class=\"elementor-widget-container\">\n\t\t\t\t\t<div class=\"thim-widget-icon-box\"><div class=\"wrapper-box-icon has_custom_image text-left\"><div class=\"smicon-box iconbox-top\"><div class=\"boxes-icon\"><a class=\"icon-box-link\" href=\"#\"><span class=\"inner-icon\"><span class=\"icon icon-images\"><img decoding=\"async\" data-src=\"https:\/\/luxuryskinacademy.com\/wp-content\/themes\/eduma\/images\/demo_images\/demo_image.jpg\" alt=\"\"  src=\"data:image\/svg+xml;base64,PHN2ZyB3aWR0aD0iMSIgaGVpZ2h0PSIxIiB4bWxucz0iaHR0cDovL3d3dy53My5vcmcvMjAwMC9zdmciPjwvc3ZnPg==\" class=\"lazyload\" style=\"--smush-placeholder-width: 270px; --smush-placeholder-aspect-ratio: 270\/203;\"><\/span><\/span><\/a><\/div><div class=\"content-inner\"><div class=\"sc-heading\"><h3 class=\"heading__primary\"><a class=\"icon-box-link\" href=\"#\">Haaruitval<\/a><\/h3><\/div><div class=\"desc-icon-box\"><div class=\"desc-content\"><a class=\"icon-box-link\" href=\"#\">Haaruitval behandeling voor dames en heren voor kale plekken of haar verdunning. De behandeling remt haaruitval en stimuleert nieuwe haargroei, Behandeling bestaat uit microneedling behandelingen in combinatie met een shampoo en lotion (soort conditioner).<\/a><\/div><\/div><\/div><\/div><\/div><\/div>\t\t\t\t<\/div>\n\t\t\t\t<\/div>\n\t\t\t\t\t<\/div>\n\t\t<\/div>\n\t\t\t\t<div class=\"elementor-column elementor-col-33 elementor-inner-column elementor-element elementor-element-a2bfae2\" data-id=\"a2bfae2\" data-element_type=\"column\" data-e-type=\"column\">\n\t\t\t<div class=\"elementor-widget-wrap elementor-element-populated\">\n\t\t\t\t\t\t<div class=\"elementor-element elementor-element-2dc3ea7 iconbox-text-left elementor-widget elementor-widget-thim-icon-box\" data-id=\"2dc3ea7\" data-element_type=\"widget\" data-e-type=\"widget\" data-widget_type=\"thim-icon-box.default\">\n\t\t\t\t<div class=\"elementor-widget-container\">\n\t\t\t\t\t<div class=\"thim-widget-icon-box\"><div class=\"wrapper-box-icon has_custom_image text-left\"><div class=\"smicon-box iconbox-top\"><div class=\"boxes-icon\"><a class=\"icon-box-link\" href=\"#\"><span class=\"inner-icon\"><span class=\"icon icon-images\"><img decoding=\"async\" data-src=\"https:\/\/luxuryskinacademy.com\/wp-content\/themes\/eduma\/images\/demo_images\/demo_image.jpg\" alt=\"\"  src=\"data:image\/svg+xml;base64,PHN2ZyB3aWR0aD0iMSIgaGVpZ2h0PSIxIiB4bWxucz0iaHR0cDovL3d3dy53My5vcmcvMjAwMC9zdmciPjwvc3ZnPg==\" class=\"lazyload\" style=\"--smush-placeholder-width: 270px; --smush-placeholder-aspect-ratio: 270\/203;\"><\/span><\/span><\/a><\/div><div class=\"content-inner\"><div class=\"sc-heading\"><h3 class=\"heading__primary\"><a class=\"icon-box-link\" href=\"#\">Keratine en perm<\/a><\/h3><\/div><div class=\"desc-icon-box\"><div class=\"desc-content\"><a class=\"icon-box-link\" href=\"#\">Of je nu krullen of stijl haar wilt. We weten hoe frustrerend het kan zijn om te proberen elke dag je haar te doen. En laten we niet eens beginnen over hoeveel tijd het kost om je haar elke ochtend te wassen, te drogen en te stylen - of nog erger. Met keratine kan je stijl haar hebben en met een perm krullen voor 2-4 maand.<\/a><\/div><\/div><\/div><\/div><\/div><\/div>\t\t\t\t<\/div>\n\t\t\t\t<\/div>\n\t\t\t\t\t<\/div>\n\t\t<\/div>\n\t\t\t\t\t<\/div>\n\t\t<\/section>\n\t\t\t\t\t<\/div>\n\t\t<\/div>\n\t\t\t\t\t<\/div>\n\t\t<\/section>\n\t\t\t\t<\/div>","protected":false},"excerpt":{"rendered":"<p>Onze diensten bij Luxury Skin Care Een compleet salon met alles wat je nodig hebt en meer. Al onze diensten zijn geschikt voor dames en heren! Schoonheidspecialist Huid verbetering voor jongeren, Huidverzorging voor iedereen en Huid verjonging voor iedereen die &hellip; <\/p>","protected":false},"author":1,"featured_media":0,"parent":0,"menu_order":0,"comment_status":"closed","ping_status":"closed","template":"","meta":{"footnotes":""},"class_list":["post-15947","page","type-page","status-publish","hentry"],"aioseo_notices":[],"_links":{"self":[{"href":"https:\/\/luxuryskinacademy.com\/fa\/wp-json\/wp\/v2\/pages\/15947","targetHints":{"allow":["GET"]}}],"collection":[{"href":"https:\/\/luxuryskinacademy.com\/fa\/wp-json\/wp\/v2\/pages"}],"about":[{"href":"https:\/\/luxuryskinacademy.com\/fa\/wp-json\/wp\/v2\/types\/page"}],"author":[{"embeddable":true,"href":"https:\/\/luxuryskinacademy.com\/fa\/wp-json\/wp\/v2\/users\/1"}],"replies":[{"embeddable":true,"href":"https:\/\/luxuryskinacademy.com\/fa\/wp-json\/wp\/v2\/comments?post=15947"}],"version-history":[{"count":0,"href":"https:\/\/luxuryskinacademy.com\/fa\/wp-json\/wp\/v2\/pages\/15947\/revisions"}],"wp:attachment":[{"href":"https:\/\/luxuryskinacademy.com\/fa\/wp-json\/wp\/v2\/media?parent=15947"}],"curies":[{"name":"wp","href":"https:\/\/api.w.org\/{rel}","templated":true}]}}